{"id":2,"date":"2019-06-12T12:37:53","date_gmt":"2019-06-12T12:37:53","guid":{"rendered":"http:\/\/gullaskruvsdeli.se\/?page_id=2"},"modified":"2019-06-17T08:49:47","modified_gmt":"2019-06-17T08:49:47","slug":"sample-page","status":"publish","type":"page","link":"http:\/\/gullaskruvsdeli.se\/","title":{"rendered":"Gullaskruvs Delikatesser"},"content":{"rendered":"\n<p>1939 startade Verner Gr\u00f6nqvist den lanthandel som genom sina isterband skulle komma att bli en lokal popularitet.&nbsp;Att isterbanden blev s\u00e5 uppskattade berodde troligtvis p\u00e5 herr Gr\u00f6nqvists f\u00f6rm\u00e5ga att f\u00f6rena tradition, hantverksskicklighet och sm\u00e5l\u00e4ndsk idoghet. Att receptet var n\u00e5got han hemligh\u00f6ll var d\u00e4rmed inte sv\u00e5rt att f\u00f6rst\u00e5.<\/p>\n\n\n\n<p>I slutet av 1970-talet tog hans&nbsp;s\u00f6ner, Hans och Ingemar \u00f6ver lanthandeln och fortsatte sedermera med produktionen av de ber\u00f6mda isterbanden.<\/p>\n\n\n\n<p>Isterbanden\u00a0producerades av Gr\u00f6nqvists under namnet\u00a0Gullaskruvs Delikatesser. Man anv\u00e4nde samma traditionella metoder som tidigare och receptet, det \u00e4r n\u00e5got man fortfarande talar tyst om. Nu har Gullaskruvs Delikatesser valt\u00a0att l\u00e5ta andra ta del av denna delikata smakupplevelse.<\/p>\n\n\n\n<p>De livsmedel de producerade inneh\u00f6ll enbart svenskt k\u00f6tt med dess olika krav p\u00e5 kvalitet och milj\u00f6t\u00e4nkande vid\u00a0tillverkningen.<\/p>\n\n\n\n<p>Vid \u00f6ppna SM i Mathantverk \u00d6stersund 8-10 oktober 2013, tilldelades Salsiccia f\u00e4nk\u00e5l, GULD!<br>Motiveringen l\u00f6d: \u201dEn smarrig fl\u00e4skkorv med en f\u00f6red\u00f6mlig konsistens som f\u00e5 lyckas med. H\u00e4rliga lakritstoner. H\u00f6g kvalitet p\u00e5 f\u00e5 ingredienser. En v\u00e4rdig vinnare.\u201d<\/p>\n\n\n\n<p>V\u00e5ra \u00d6ppettider Var<\/p>\n\n\n\n<p>M\u00e5ndag-Fredag kl 10.00- 16.00<\/p>\n","protected":false},"excerpt":{"rendered":"<p>1939 startade Verner Gr\u00f6nqvist den lanthandel som genom sina isterband skulle komma att bli en lokal [&hellip;]<\/p>\n","protected":false},"author":1,"featured_media":0,"parent":0,"menu_order":0,"comment_status":"closed","ping_status":"open","template":"","meta":[],"_links":{"self":[{"href":"http:\/\/gullaskruvsdeli.se\/index.php?rest_route=\/wp\/v2\/pages\/2"}],"collection":[{"href":"http:\/\/gullaskruvsdeli.se\/index.php?rest_route=\/wp\/v2\/pages"}],"about":[{"href":"http:\/\/gullaskruvsdeli.se\/index.php?rest_route=\/wp\/v2\/types\/page"}],"author":[{"embeddable":true,"href":"http:\/\/gullaskruvsdeli.se\/index.php?rest_route=\/wp\/v2\/users\/1"}],"replies":[{"embeddable":true,"href":"http:\/\/gullaskruvsdeli.se\/index.php?rest_route=%2Fwp%2Fv2%2Fcomments&post=2"}],"version-history":[{"count":1,"href":"http:\/\/gullaskruvsdeli.se\/index.php?rest_route=\/wp\/v2\/pages\/2\/revisions"}],"predecessor-version":[{"id":5,"href":"http:\/\/gullaskruvsdeli.se\/index.php?rest_route=\/wp\/v2\/pages\/2\/revisions\/5"}],"wp:attachment":[{"href":"http:\/\/gullaskruvsdeli.se\/index.php?rest_route=%2Fwp%2Fv2%2Fmedia&parent=2"}],"curies":[{"name":"wp","href":"https:\/\/api.w.org\/{rel}","templated":true}]}}