{"id":6,"date":"2019-06-17T08:51:40","date_gmt":"2019-06-17T08:51:40","guid":{"rendered":"http:\/\/gullaskruvsdeli.se\/?page_id=6"},"modified":"2022-11-08T10:06:06","modified_gmt":"2022-11-08T10:06:06","slug":"sortiment","status":"publish","type":"page","link":"http:\/\/gullaskruvsdeli.se\/?page_id=6","title":{"rendered":"Sortiment"},"content":{"rendered":"\n<p>Deras produkter var handgjorda och inneh\u00f6ll endast Svenska- lokala sm\u00e5l\u00e4ndska r\u00e5varor.<\/p>\n\n\n\n<p>Vid \u00f6ppna SM i Mathantverk \u00d6stersund 8-10 oktober 2013, tilldelades Salsiccia f\u00e4nk\u00e5l, GULD!<br>Motiveringen l\u00f6d: \u201dEn smarrig fl\u00e4skkorv med en f\u00f6red\u00f6mlig konsistens som f\u00e5 lyckas med. H\u00e4rliga lakritstoner. H\u00f6g kvalitet p\u00e5 f\u00e5 ingredienser. En v\u00e4rdig vinnare.\u201d<\/p>\n\n\n\n<p>Vid SM i Mathantverk G\u00f6teborg 6-7 september 2012, tilldelades Salsiccia-<br>rosmarin &amp; timjan -Silver- samt deras gammaldags torkade Isterband -Brons-. Profilprodukter hittade ni p\u00e5 tsreklam.se efter att t\u00e4vlingen var avslutad d\u00e4r logotypen p\u00e5 kl\u00e4der kunde tryckas upp och best\u00e4llas hem. Vi best\u00e4llde till exempel <strong><a href=\"https:\/\/www.tsreklam.se\/kategori\/billiga-t-shirts\/\">billiga t-shirts<\/a><\/strong> med tryck. <\/p>\n\n\n\n<p>Gullaskruvs Delikatesser saluf\u00f6rde f\u00f6ljande sortiment till restauranger, grossister och butiker.<\/p>\n\n\n\n<ul><li>Gammaldags torkade Isterband<\/li><li>R\u00f6kta Isterband<\/li><li>Salsiccia<\/li><li>Salsiccia -chili<\/li><li>Salsiccia -rosmarin &amp; timjan<\/li><li>Salsiccia -f\u00e4nk\u00e5l<\/li><\/ul>\n","protected":false},"excerpt":{"rendered":"<p>Deras produkter var handgjorda och inneh\u00f6ll endast Svenska- lokala sm\u00e5l\u00e4ndska r\u00e5varor. Vid \u00f6ppna SM i Mathantverk [&hellip;]<\/p>\n","protected":false},"author":1,"featured_media":0,"parent":0,"menu_order":0,"comment_status":"closed","ping_status":"closed","template":"","meta":[],"_links":{"self":[{"href":"http:\/\/gullaskruvsdeli.se\/index.php?rest_route=\/wp\/v2\/pages\/6"}],"collection":[{"href":"http:\/\/gullaskruvsdeli.se\/index.php?rest_route=\/wp\/v2\/pages"}],"about":[{"href":"http:\/\/gullaskruvsdeli.se\/index.php?rest_route=\/wp\/v2\/types\/page"}],"author":[{"embeddable":true,"href":"http:\/\/gullaskruvsdeli.se\/index.php?rest_route=\/wp\/v2\/users\/1"}],"replies":[{"embeddable":true,"href":"http:\/\/gullaskruvsdeli.se\/index.php?rest_route=%2Fwp%2Fv2%2Fcomments&post=6"}],"version-history":[{"count":4,"href":"http:\/\/gullaskruvsdeli.se\/index.php?rest_route=\/wp\/v2\/pages\/6\/revisions"}],"predecessor-version":[{"id":31,"href":"http:\/\/gullaskruvsdeli.se\/index.php?rest_route=\/wp\/v2\/pages\/6\/revisions\/31"}],"wp:attachment":[{"href":"http:\/\/gullaskruvsdeli.se\/index.php?rest_route=%2Fwp%2Fv2%2Fmedia&parent=6"}],"curies":[{"name":"wp","href":"https:\/\/api.w.org\/{rel}","templated":true}]}}